{"id":3263,"date":"2023-11-20T15:20:19","date_gmt":"2023-11-20T15:20:19","guid":{"rendered":"https:\/\/atrae.net\/teslapowerwall\/"},"modified":"2023-11-20T15:20:19","modified_gmt":"2023-11-20T15:20:19","slug":"teslapowerwall","status":"publish","type":"page","link":"https:\/\/atrae.net\/en\/teslapowerwall\/","title":{"rendered":"Instalador certificado TESLA POWERWALL"},"content":{"rendered":"<div id='revolutionslider_1'  class='avia-layerslider avia-revolutionslider main_color avia-shadow  avia-builder-el-0  el_before_av_section  avia-builder-el-first   container_wrap sidebar_right'  >\n\t\t\t<!-- START Slider TESLA REVOLUTION SLIDER 6.7.38 --><p class=\"rs-p-wp-fix\"><\/p>\n\t\t\t<rs-module-wrap id=\"rev_slider_10_1_wrapper\" data-source=\"gallery\" style=\"visibility:hidden;background:transparent;padding:0;margin:0px auto;margin-top:0;margin-bottom:0;\">\n\t\t\t\t<rs-module id=\"rev_slider_10_1\" style=\"\" data-version=\"6.7.38\">\n\t\t\t\t\t<rs-slides style=\"overflow: hidden; position: absolute;\">\n\t\t\t\t\t\t<rs-slide style=\"position: absolute;\" data-key=\"rs-52\" data-title=\"Slide\" data-in=\"o:0;\" data-out=\"a:false;\">\n\t\t\t\t\t\t\t<img decoding=\"async\" src=\"\/\/atrae.net\/wp-content\/plugins\/revslider\/sr6\/assets\/assets\/dummy.png\" alt=\"\" title=\"PW-Hero-Desktop-EMEA\" width=\"2000\" height=\"1250\" class=\"rev-slidebg tp-rs-img rs-lazyload\" data-lazyload=\"\/\/atrae.net\/wp-content\/uploads\/2023\/11\/PW-Hero-Desktop-EMEA.jpg\" data-no-retina>\n<!--\n\t\t\t\t\t\t\t--><rs-layer\n\t\t\t\t\t\t\t\tid=\"slider-10-slide-52-layer-0\" \n\t\t\t\t\t\t\t\tdata-type=\"image\"\n\t\t\t\t\t\t\t\tdata-rsp_ch=\"on\"\n\t\t\t\t\t\t\t\tdata-xy=\"xo:42px,22px,29px,22px;yo:33px,17px,25px,18px;\"\n\t\t\t\t\t\t\t\tdata-text=\"w:normal;s:20,10,7,4;l:0,13,9,6;\"\n\t\t\t\t\t\t\t\tdata-dim=\"w:440px,333px,308px,225px;h:152px,115px,107px,78px;\"\n\t\t\t\t\t\t\t\tdata-frame_999=\"o:0;st:w;\"\n\t\t\t\t\t\t\t\tstyle=\"z-index:5;\"\n\t\t\t\t\t\t\t><img decoding=\"async\" src=\"\/\/atrae.net\/wp-content\/plugins\/revslider\/sr6\/assets\/assets\/dummy.png\" alt=\"\" class=\"tp-rs-img rs-lazyload\" width=\"2560\" height=\"886\" data-lazyload=\"\/\/atrae.net\/wp-content\/uploads\/2025\/03\/LOGO-TESLA-scaled.jpg\" data-no-retina> \n\t\t\t\t\t\t\t<\/rs-layer><!--\n\n\t\t\t\t\t\t\t--><rs-layer\n\t\t\t\t\t\t\t\tid=\"slider-10-slide-52-layer-1\" \n\t\t\t\t\t\t\t\tdata-type=\"text\"\n\t\t\t\t\t\t\t\tdata-rsp_ch=\"on\"\n\t\t\t\t\t\t\t\tdata-xy=\"xo:1216px,629px,321px,179px;yo:338px,267px,603px,394px;\"\n\t\t\t\t\t\t\t\tdata-text=\"w:normal;s:35,27,25,22;l:40,31,30,27;\"\n\t\t\t\t\t\t\t\tdata-frame_999=\"o:0;st:w;\"\n\t\t\t\t\t\t\t\tstyle=\"z-index:6;font-family:'Exo 2';\"\n\t\t\t\t\t\t\t>9.997\u20ac + IVA \n\t\t\t\t\t\t\t<\/rs-layer><!--\n\n\t\t\t\t\t\t\t--><a\n\t\t\t\t\t\t\t\tid=\"mas-info-tesla\" \n\t\t\t\t\t\t\t\tclass=\"rs-layer rev-btn\"\n\t\t\t\t\t\t\t\thref=\"mailto:teslapowerwall@atrae.net?subject=TESLA%20POWERWALL&#038;body=Hola,%20Atrae.%20Quiero%20m\u00e1s%20informaci\u00f3n%20sobre%20la%20bater\u00eda%20TESLA%20POWERWALL.\" target=\"_self\"\n\t\t\t\t\t\t\t\tdata-type=\"button\"\n\t\t\t\t\t\t\t\tdata-rsp_ch=\"on\"\n\t\t\t\t\t\t\t\tdata-xy=\"xo:1214px,622px,312px,165px;yo:400px,311px,644px,430px;\"\n\t\t\t\t\t\t\t\tdata-text=\"w:normal;s:21,18,18,18;l:55,36,38,43;fw:500;a:center;\"\n\t\t\t\t\t\t\t\tdata-dim=\"minh:0px,none,none,none;\"\n\t\t\t\t\t\t\t\tdata-padding=\"r:20,11,8,5;l:20,11,8,5;\"\n\t\t\t\t\t\t\t\tdata-border=\"bor:13px,13px,13px,13px;\"\n\t\t\t\t\t\t\t\tdata-frame_999=\"o:0;st:w;\"\n\t\t\t\t\t\t\t\tdata-frame_hover=\"bgc:#f39200;bor:13px,13px,13px,13px;sp:100;e:power1.inOut;bri:120%;\"\n\t\t\t\t\t\t\t\tstyle=\"z-index:7;background-color:#f39200;font-family:'Exo 2';\"\n\t\t\t\t\t\t\t>M\u00e1s informaci\u00f3n \n\t\t\t\t\t\t\t<\/a><!--\n\n\t\t\t\t\t\t\t--><h1\n\t\t\t\t\t\t\t\tid=\"slider-10-slide-52-layer-3\" \n\t\t\t\t\t\t\t\tclass=\"rs-layer\"\n\t\t\t\t\t\t\t\tdata-type=\"text\"\n\t\t\t\t\t\t\t\tdata-rsp_ch=\"on\"\n\t\t\t\t\t\t\t\tdata-xy=\"x:l,l,c,c;xo:43px,27px,0,0;yo:542px,451px,751px,540px;\"\n\t\t\t\t\t\t\t\tdata-text=\"w:normal;s:70,37,28,23;l:65,34,25,28;\"\n\t\t\t\t\t\t\t\tdata-frame_999=\"o:0;st:w;\"\n\t\t\t\t\t\t\t\tstyle=\"z-index:8;font-family:'Exo 2';text-transform:none;font-weight:500;\"\n\t\t\t\t\t\t\t>TESLA Powerwall 2 \n\t\t\t\t\t\t\t<\/h1><!--\n\n\t\t\t\t\t\t\t--><rs-layer\n\t\t\t\t\t\t\t\tid=\"slider-10-slide-52-layer-4\" \n\t\t\t\t\t\t\t\tdata-type=\"text\"\n\t\t\t\t\t\t\t\tdata-rsp_ch=\"on\"\n\t\t\t\t\t\t\t\tdata-xy=\"x:l,l,c,c;xo:43px,33px,0,0;yo:620px,499px,786px,571px;\"\n\t\t\t\t\t\t\t\tdata-text=\"w:normal;s:37,19,14,17;l:48,25,18,24;\"\n\t\t\t\t\t\t\t\tdata-frame_999=\"o:0;st:w;\"\n\t\t\t\t\t\t\t\tstyle=\"z-index:8;font-family:'Exo 2';\"\n\t\t\t\t\t\t\t>El complemento Perfecto \n\t\t\t\t\t\t\t<\/rs-layer><!--\n\n\t\t\t\t\t\t\t--><rs-layer\n\t\t\t\t\t\t\t\tid=\"slider-10-slide-52-layer-5\" \n\t\t\t\t\t\t\t\tdata-type=\"image\"\n\t\t\t\t\t\t\t\tdata-rsp_ch=\"on\"\n\t\t\t\t\t\t\t\tdata-xy=\"xo:923px,484px,547px,289px;yo:15px,51px,23px,19px;\"\n\t\t\t\t\t\t\t\tdata-text=\"w:normal;s:20,10,7,4;l:0,13,9,6;\"\n\t\t\t\t\t\t\t\tdata-dim=\"w:550px,293px,200px,170px;h:159px,84px,58px,49px;\"\n\t\t\t\t\t\t\t\tdata-frame_999=\"o:0;st:w;\"\n\t\t\t\t\t\t\t\tstyle=\"z-index:9;\"\n\t\t\t\t\t\t\t><img decoding=\"async\" src=\"\/\/atrae.net\/wp-content\/plugins\/revslider\/sr6\/assets\/assets\/dummy.png\" alt=\"\" class=\"tp-rs-img rs-lazyload\" width=\"800\" height=\"231\" data-lazyload=\"\/\/atrae.net\/wp-content\/uploads\/2023\/11\/logo-atrae-blanco.png\" data-no-retina> \n\t\t\t\t\t\t\t<\/rs-layer><!--\n\n\t\t\t\t\t\t\t--><rs-layer\n\t\t\t\t\t\t\t\tid=\"slider-10-slide-52-layer-6\" \n\t\t\t\t\t\t\t\tdata-type=\"object\"\n\t\t\t\t\t\t\t\tdata-rsp_ch=\"on\"\n\t\t\t\t\t\t\t\tdata-xy=\"xo:50px,26px,19px,11px;yo:67px,35px,26px,16px;\"\n\t\t\t\t\t\t\t\tdata-text=\"w:normal;s:20,10,7,4;l:0,13,9,6;\"\n\t\t\t\t\t\t\t\tdata-frame_999=\"o:0;st:w;\"\n\t\t\t\t\t\t\t\tstyle=\"z-index:10;font-family:'Roboto';\"\n\t\t\t\t\t\t\t> \n\t\t\t\t\t\t\t<\/rs-layer><!--\n\n\t\t\t\t\t\t\t--><rs-layer\n\t\t\t\t\t\t\t\tid=\"slider-10-slide-52-layer-7\" \n\t\t\t\t\t\t\t\tclass=\"rev-scroll-btn rev-b-span-light\"\n\t\t\t\t\t\t\t\tdata-type=\"button\"\n\t\t\t\t\t\t\t\tdata-xy=\"x:l,l,l,c;xo:50px,50px,50px,0;y:t,t,t,b;yo:367px,367px,367px,21px;\"\n\t\t\t\t\t\t\t\tdata-text=\"w:normal;s:17,17,17,13;l:20,20,20,16;ls:1;\"\n\t\t\t\t\t\t\t\tdata-dim=\"w:35px,35px,35px,27px;h:55px,55px,55px,43px;minw:35px,none,none,none;minh:55px,none,none,none;\"\n\t\t\t\t\t\t\t\tdata-vbility=\"f,f,f,t\"\n\t\t\t\t\t\t\t\tdata-actions='o:click;a:scrollbelow;sp:1000ms;e:power1.inOut;'\n\t\t\t\t\t\t\t\tdata-rsp_o=\"off\"\n\t\t\t\t\t\t\t\tdata-rsp_bd=\"off\"\n\t\t\t\t\t\t\t\tdata-btrans=\"rX:180;\"\n\t\t\t\t\t\t\t\tdata-padding=\"t:22,22,22,17;r:14,14,14,11;b:22,22,22,17;l:14,14,14,11;\"\n\t\t\t\t\t\t\t\tdata-border=\"bos:solid;boc:rgba(255,255,255,0.75);bow:2px,2px,2px,2px;bor:23px,23px,23px,23px;\"\n\t\t\t\t\t\t\t\tdata-frame_0=\"x:0,0,0,0px;y:0,0,0,0px;\"\n\t\t\t\t\t\t\t\tdata-frame_1=\"x:0,0,0,0px;y:0,0,0,0px;\"\n\t\t\t\t\t\t\t\tdata-frame_999=\"o:0;st:w;\"\n\t\t\t\t\t\t\t\tstyle=\"z-index:11;font-family:'Roboto';text-transform:uppercase;\"\n\t\t\t\t\t\t\t><span><\/span><span><\/span><span><\/span> \n\t\t\t\t\t\t\t<\/rs-layer><!--\n-->\t\t\t\t\t<\/rs-slide>\n\t\t\t\t\t<\/rs-slides>\n\t\t\t\t<\/rs-module>\n\t\t\t\t<script>\n\t\t\t\t\tsetREVStartSize({c: 'rev_slider_10_1',rl:[1240,1024,778,480],el:[720,560,960,700],gw:[1920,1024,778,480],gh:[720,560,960,700],type:'standard',justify:'',layout:'fullwidth',mh:\"0\"});if (window.RS_MODULES!==undefined && window.RS_MODULES.modules!==undefined && window.RS_MODULES.modules[\"revslider101\"]!==undefined) {window.RS_MODULES.modules[\"revslider101\"].once = false;window.revapi10 = undefined;if (window.RS_MODULES.checkMinimal!==undefined) window.RS_MODULES.checkMinimal()}\n\t\t\t\t<\/script>\n\t\t\t<\/rs-module-wrap>\n\t\t\t<!-- END REVOLUTION SLIDER -->\n<\/div>\n<div id='todo-incluido'  class='avia-section av-4wd2pk-e9416e412224dfa81c4b92c5b660e6d1 main_color avia-section-large avia-no-border-styling  avia-builder-el-1  el_after_av_revolutionslider  el_before_av_section  avia-bg-style-scroll container_wrap sidebar_right'  ><div class='container av-section-cont-open' ><div class='template-page content  av-content-small alpha units'><div class='post-entry post-entry-type-page post-entry-3263'><div class='entry-content-wrapper clearfix'>\n\n<style type=\"text\/css\" data-created_by=\"avia_inline_auto\" id=\"style-css-av-av_heading-8fde7b1ebb325896e1746e657b8e6f38\">\n#top .av-special-heading.av-av_heading-8fde7b1ebb325896e1746e657b8e6f38{\npadding-bottom:40px;\n}\nbody .av-special-heading.av-av_heading-8fde7b1ebb325896e1746e657b8e6f38 .av-special-heading-tag .heading-char{\nfont-size:25px;\n}\n.av-special-heading.av-av_heading-8fde7b1ebb325896e1746e657b8e6f38 .av-subheading{\nfont-size:15px;\n}\n<\/style>\n<div  class='av-special-heading av-av_heading-8fde7b1ebb325896e1746e657b8e6f38 av-special-heading-h2 blockquote modern-quote modern-centered  avia-builder-el-2  el_before_av_one_fourth  avia-builder-el-first '><h2 class='av-special-heading-tag'  itemprop=\"headline\"  >Todo incluido<\/h2><div class=\"special-heading-border\"><div class=\"special-heading-inner-border\"><\/div><\/div><\/div>\n\n<style type=\"text\/css\" data-created_by=\"avia_inline_auto\" id=\"style-css-av-1yjx2w-d62daafdc8a90cd1ccb24d5517485873\">\n.flex_column.av-1yjx2w-d62daafdc8a90cd1ccb24d5517485873{\nborder-radius:0px 0px 0px 0px;\npadding:0px 0px 0px 0px;\n}\n<\/style>\n<div  class='flex_column av-1yjx2w-d62daafdc8a90cd1ccb24d5517485873 av_one_fourth  avia-builder-el-3  el_after_av_heading  el_before_av_one_fourth  first flex_column_div av-zero-column-padding  '     ><p>\n<style type=\"text\/css\" data-created_by=\"avia_inline_auto\" id=\"style-css-av-lp72vrce-506952f4756c0398a81530df651a7f9b\">\n.avia-image-container.av-lp72vrce-506952f4756c0398a81530df651a7f9b img.avia_image{\nbox-shadow:none;\n}\n.avia-image-container.av-lp72vrce-506952f4756c0398a81530df651a7f9b .av-image-caption-overlay-center{\ncolor:#ffffff;\n}\n<\/style>\n<div  class='avia-image-container av-lp72vrce-506952f4756c0398a81530df651a7f9b av-styling- avia-align-center  avia-builder-el-4  el_before_av_textblock  avia-builder-el-first '   itemprop=\"image\" itemscope=\"itemscope\" itemtype=\"https:\/\/schema.org\/ImageObject\" ><div class=\"avia-image-container-inner\"><div class=\"avia-image-overlay-wrap\"><img decoding=\"async\" fetchpriority=\"high\" class='wp-image-3210 avia-img-lazy-loading-not-3210 avia_image ' src=\"https:\/\/atrae.net\/wp-content\/uploads\/2023\/11\/TESLA-300-1-1.jpg\" alt='' title='TESLA-300-1'  height=\"600\" width=\"600\"  itemprop=\"thumbnailUrl\" srcset=\"https:\/\/atrae.net\/wp-content\/uploads\/2023\/11\/TESLA-300-1-1.jpg 600w, https:\/\/atrae.net\/wp-content\/uploads\/2023\/11\/TESLA-300-1-1-300x300.jpg 300w, https:\/\/atrae.net\/wp-content\/uploads\/2023\/11\/TESLA-300-1-1-80x80.jpg 80w, https:\/\/atrae.net\/wp-content\/uploads\/2023\/11\/TESLA-300-1-1-36x36.jpg 36w, https:\/\/atrae.net\/wp-content\/uploads\/2023\/11\/TESLA-300-1-1-180x180.jpg 180w\" sizes=\"(max-width: 600px) 100vw, 600px\" \/><\/div><\/div><\/div><br \/>\n<section  class='av_textblock_section av-lp72wd8l-77766fdde0717f1095d258470aadc29b '   itemscope=\"itemscope\" itemtype=\"https:\/\/schema.org\/CreativeWork\" ><div class='avia_textblock'  itemprop=\"text\" ><h3><strong>Accesorios<\/strong><\/h3>\n<p>+ 1.500\u20ac (incluido)<\/p>\n<\/div><\/section><\/p><\/div>\n<style type=\"text\/css\" data-created_by=\"avia_inline_auto\" id=\"style-css-av-1yjx2w-dfa86d957f0a7662e419d7adb79dcd1e\">\n.flex_column.av-1yjx2w-dfa86d957f0a7662e419d7adb79dcd1e{\nborder-radius:0px 0px 0px 0px;\npadding:0px 0px 0px 0px;\n}\n<\/style>\n<div  class='flex_column av-1yjx2w-dfa86d957f0a7662e419d7adb79dcd1e av_one_fourth  avia-builder-el-6  el_after_av_one_fourth  el_before_av_one_fourth  flex_column_div av-zero-column-padding  '     ><p>\n<style type=\"text\/css\" data-created_by=\"avia_inline_auto\" id=\"style-css-av-lp72vrce-463bb00b391ae5c1ed3201428451c373\">\n.avia-image-container.av-lp72vrce-463bb00b391ae5c1ed3201428451c373 img.avia_image{\nbox-shadow:none;\n}\n.avia-image-container.av-lp72vrce-463bb00b391ae5c1ed3201428451c373 .av-image-caption-overlay-center{\ncolor:#ffffff;\n}\n<\/style>\n<div  class='avia-image-container av-lp72vrce-463bb00b391ae5c1ed3201428451c373 av-styling- avia-align-center  avia-builder-el-7  el_before_av_textblock  avia-builder-el-first '   itemprop=\"image\" itemscope=\"itemscope\" itemtype=\"https:\/\/schema.org\/ImageObject\" ><div class=\"avia-image-container-inner\"><div class=\"avia-image-overlay-wrap\"><img decoding=\"async\" fetchpriority=\"high\" class='wp-image-3211 avia-img-lazy-loading-not-3211 avia_image ' src=\"https:\/\/atrae.net\/wp-content\/uploads\/2023\/11\/TESLA-300-3-1.jpg\" alt='' title='TESLA-300-3'  height=\"600\" width=\"600\"  itemprop=\"thumbnailUrl\" srcset=\"https:\/\/atrae.net\/wp-content\/uploads\/2023\/11\/TESLA-300-3-1.jpg 600w, https:\/\/atrae.net\/wp-content\/uploads\/2023\/11\/TESLA-300-3-1-300x300.jpg 300w, https:\/\/atrae.net\/wp-content\/uploads\/2023\/11\/TESLA-300-3-1-80x80.jpg 80w, https:\/\/atrae.net\/wp-content\/uploads\/2023\/11\/TESLA-300-3-1-36x36.jpg 36w, https:\/\/atrae.net\/wp-content\/uploads\/2023\/11\/TESLA-300-3-1-180x180.jpg 180w\" sizes=\"(max-width: 600px) 100vw, 600px\" \/><\/div><\/div><\/div><br \/>\n<section  class='av_textblock_section av-lp72wd8l-77766fdde0717f1095d258470aadc29b '   itemscope=\"itemscope\" itemtype=\"https:\/\/schema.org\/CreativeWork\" ><div class='avia_textblock'  itemprop=\"text\" ><h3><strong>Instalaci\u00f3n y Puesta en Marcha<\/strong><\/h3>\n<p>+ 2000\u20ac (incluido)<\/p>\n<\/div><\/section><\/p><\/div>\n<style type=\"text\/css\" data-created_by=\"avia_inline_auto\" id=\"style-css-av-1yjx2w-dfa86d957f0a7662e419d7adb79dcd1e\">\n.flex_column.av-1yjx2w-dfa86d957f0a7662e419d7adb79dcd1e{\nborder-radius:0px 0px 0px 0px;\npadding:0px 0px 0px 0px;\n}\n<\/style>\n<div  class='flex_column av-1yjx2w-dfa86d957f0a7662e419d7adb79dcd1e av_one_fourth  avia-builder-el-9  el_after_av_one_fourth  el_before_av_one_fourth  flex_column_div av-zero-column-padding  '     ><p>\n<style type=\"text\/css\" data-created_by=\"avia_inline_auto\" id=\"style-css-av-lp72vrce-ac42d5678fce89702dda3ae5c8b85ad5\">\n.avia-image-container.av-lp72vrce-ac42d5678fce89702dda3ae5c8b85ad5 img.avia_image{\nbox-shadow:none;\n}\n.avia-image-container.av-lp72vrce-ac42d5678fce89702dda3ae5c8b85ad5 .av-image-caption-overlay-center{\ncolor:#ffffff;\n}\n<\/style>\n<div  class='avia-image-container av-lp72vrce-ac42d5678fce89702dda3ae5c8b85ad5 av-styling- avia-align-center  avia-builder-el-10  el_before_av_textblock  avia-builder-el-first '   itemprop=\"image\" itemscope=\"itemscope\" itemtype=\"https:\/\/schema.org\/ImageObject\" ><div class=\"avia-image-container-inner\"><div class=\"avia-image-overlay-wrap\"><img decoding=\"async\" fetchpriority=\"high\" class='wp-image-3212 avia-img-lazy-loading-not-3212 avia_image ' src=\"https:\/\/atrae.net\/wp-content\/uploads\/2023\/11\/TESLA-300-2-1.jpg\" alt='' title='TESLA-300-2'  height=\"600\" width=\"600\"  itemprop=\"thumbnailUrl\" srcset=\"https:\/\/atrae.net\/wp-content\/uploads\/2023\/11\/TESLA-300-2-1.jpg 600w, https:\/\/atrae.net\/wp-content\/uploads\/2023\/11\/TESLA-300-2-1-300x300.jpg 300w, https:\/\/atrae.net\/wp-content\/uploads\/2023\/11\/TESLA-300-2-1-80x80.jpg 80w, https:\/\/atrae.net\/wp-content\/uploads\/2023\/11\/TESLA-300-2-1-36x36.jpg 36w, https:\/\/atrae.net\/wp-content\/uploads\/2023\/11\/TESLA-300-2-1-180x180.jpg 180w\" sizes=\"(max-width: 600px) 100vw, 600px\" \/><\/div><\/div><\/div><br \/>\n<section  class='av_textblock_section av-lp72wd8l-77766fdde0717f1095d258470aadc29b '   itemscope=\"itemscope\" itemtype=\"https:\/\/schema.org\/CreativeWork\" ><div class='avia_textblock'  itemprop=\"text\" ><h3><strong>Aplicaci\u00f3n M\u00f3vil<\/strong><\/h3>\n<p>(incluido)<\/p>\n<\/div><\/section><\/p><\/div>\n<style type=\"text\/css\" data-created_by=\"avia_inline_auto\" id=\"style-css-av-1yjx2w-dfa86d957f0a7662e419d7adb79dcd1e\">\n.flex_column.av-1yjx2w-dfa86d957f0a7662e419d7adb79dcd1e{\nborder-radius:0px 0px 0px 0px;\npadding:0px 0px 0px 0px;\n}\n<\/style>\n<div  class='flex_column av-1yjx2w-dfa86d957f0a7662e419d7adb79dcd1e av_one_fourth  avia-builder-el-12  el_after_av_one_fourth  avia-builder-el-last  flex_column_div av-zero-column-padding  '     ><p>\n<style type=\"text\/css\" data-created_by=\"avia_inline_auto\" id=\"style-css-av-lp72vrce-857d06e126d6d7bc543cbed2f7084c9f\">\n.avia-image-container.av-lp72vrce-857d06e126d6d7bc543cbed2f7084c9f img.avia_image{\nbox-shadow:none;\n}\n.avia-image-container.av-lp72vrce-857d06e126d6d7bc543cbed2f7084c9f .av-image-caption-overlay-center{\ncolor:#ffffff;\n}\n<\/style>\n<div  class='avia-image-container av-lp72vrce-857d06e126d6d7bc543cbed2f7084c9f av-styling- avia-align-center  avia-builder-el-13  el_before_av_textblock  avia-builder-el-first '   itemprop=\"image\" itemscope=\"itemscope\" itemtype=\"https:\/\/schema.org\/ImageObject\" ><div class=\"avia-image-container-inner\"><div class=\"avia-image-overlay-wrap\"><img decoding=\"async\" fetchpriority=\"high\" class='wp-image-3213 avia-img-lazy-loading-not-3213 avia_image ' src=\"https:\/\/atrae.net\/wp-content\/uploads\/2023\/11\/TESLA-300-4-1.jpg\" alt='' title='TESLA-300-4'  height=\"600\" width=\"600\"  itemprop=\"thumbnailUrl\" srcset=\"https:\/\/atrae.net\/wp-content\/uploads\/2023\/11\/TESLA-300-4-1.jpg 600w, https:\/\/atrae.net\/wp-content\/uploads\/2023\/11\/TESLA-300-4-1-300x300.jpg 300w, https:\/\/atrae.net\/wp-content\/uploads\/2023\/11\/TESLA-300-4-1-80x80.jpg 80w, https:\/\/atrae.net\/wp-content\/uploads\/2023\/11\/TESLA-300-4-1-36x36.jpg 36w, https:\/\/atrae.net\/wp-content\/uploads\/2023\/11\/TESLA-300-4-1-180x180.jpg 180w\" sizes=\"(max-width: 600px) 100vw, 600px\" \/><\/div><\/div><\/div><br \/>\n<section  class='av_textblock_section av-lp72wd8l-77766fdde0717f1095d258470aadc29b '   itemscope=\"itemscope\" itemtype=\"https:\/\/schema.org\/CreativeWork\" ><div class='avia_textblock'  itemprop=\"text\" ><h3><strong>Financiaci\u00f3n<\/strong><\/h3>\n<p>(Comienza a pagar en 3 meses)<\/p>\n<\/div><\/section><br \/>\n<div  class='avia-button-wrap av-lp80rf8c-0d81ffa574372e916998e452f0a13f5f-wrap avia-button-center  avia-builder-el-15  el_after_av_textblock  avia-builder-el-last '><a href='mailto:teslapowerwall@atrae.net?subject=TESLA POWERWALL&amp;body=Hola, Atrae. Quiero m\u00e1s informaci\u00f3n sobre la bater\u00eda TESLA POWERWALL.'  class='avia-button av-lp80rf8c-0d81ffa574372e916998e452f0a13f5f avia-icon_select-no avia-size-medium avia-position-center avia-color-theme-color'  ><span class='avia_iconbox_title' >M\u00e1s informaci\u00f3n<\/span><\/a><\/div><\/p><\/div><\/div><\/div><\/div><!-- close content main div --><\/div><\/div><div id='absolute'  class='avia-section av-lp82t504-6ecfee633b9c38ca42fd1d1a9730b0d0 main_color avia-section-default avia-no-shadow  avia-builder-el-16  el_after_av_section  avia-builder-el-last  avia-bg-style-scroll container_wrap sidebar_right'  ><div class='container av-section-cont-open' ><div class='template-page content  av-content-small alpha units'><div class='post-entry post-entry-type-page post-entry-3263'><div class='entry-content-wrapper clearfix'>\n\n<style type=\"text\/css\" data-created_by=\"avia_inline_auto\" id=\"style-css-av-lp82m54p-026cae1ee08acff0308556fcde8c19bc\">\n#top .av_textblock_section.av-lp82m54p-026cae1ee08acff0308556fcde8c19bc .avia_textblock{\ncolor:#000000;\n}\n<\/style>\n<section  class='av_textblock_section av-lp82m54p-026cae1ee08acff0308556fcde8c19bc '   itemscope=\"itemscope\" itemtype=\"https:\/\/schema.org\/CreativeWork\" ><div class='avia_textblock av_inherit_color'  itemprop=\"text\" ><p>Atrae, instalador certificado TESLA POWERWALL. Todo incluido por 9.997\u20ac + IVA<\/p>\n<\/div><\/section>\n<\/div><\/div><\/div><!-- close content main div --><\/div><\/div><div id='after_section_2'  class='main_color av_default_container_wrap container_wrap sidebar_right'  ><div class='container av-section-cont-open' ><div class='template-page content  av-content-small alpha units'><div class='post-entry post-entry-type-page post-entry-3263'><div class='entry-content-wrapper clearfix'><\/p>\n","protected":false},"excerpt":{"rendered":"","protected":false},"author":103,"featured_media":3209,"parent":0,"menu_order":0,"comment_status":"closed","ping_status":"closed","template":"","meta":{"footnotes":""},"class_list":["post-3263","page","type-page","status-publish","has-post-thumbnail","hentry"],"yoast_head":"<!-- This site is optimized with the Yoast SEO plugin v27.3 - https:\/\/yoast.com\/product\/yoast-seo-wordpress\/ -->\n<title>Instalador certificado TESLA POWERWALL - ATRAE<\/title>\n<meta name=\"robots\" content=\"index, follow, max-snippet:-1, max-image-preview:large, max-video-preview:-1\" \/>\n<link rel=\"canonical\" href=\"https:\/\/atrae.net\/en\/teslapowerwall\/\" \/>\n<meta property=\"og:locale\" content=\"en_US\" \/>\n<meta property=\"og:type\" content=\"article\" \/>\n<meta property=\"og:title\" content=\"Instalador certificado TESLA POWERWALL - ATRAE\" \/>\n<meta property=\"og:url\" content=\"https:\/\/atrae.net\/en\/teslapowerwall\/\" \/>\n<meta property=\"og:site_name\" content=\"ATRAE\" \/>\n<meta property=\"og:image\" content=\"https:\/\/atrae.net\/wp-content\/uploads\/2023\/11\/PW-Hero-Desktop-EMEA.jpg\" \/>\n\t<meta property=\"og:image:width\" content=\"2000\" \/>\n\t<meta property=\"og:image:height\" content=\"1250\" \/>\n\t<meta property=\"og:image:type\" content=\"image\/jpeg\" \/>\n<meta name=\"twitter:card\" content=\"summary_large_image\" \/>\n<meta name=\"twitter:label1\" content=\"Est. reading time\" \/>\n\t<meta name=\"twitter:data1\" content=\"7 minutes\" \/>\n<script type=\"application\/ld+json\" class=\"yoast-schema-graph\">{\"@context\":\"https:\\\/\\\/schema.org\",\"@graph\":[{\"@type\":\"WebPage\",\"@id\":\"https:\\\/\\\/atrae.net\\\/en\\\/teslapowerwall\\\/\",\"url\":\"https:\\\/\\\/atrae.net\\\/en\\\/teslapowerwall\\\/\",\"name\":\"Instalador certificado TESLA POWERWALL - ATRAE\",\"isPartOf\":{\"@id\":\"https:\\\/\\\/atrae.net\\\/en\\\/#website\"},\"primaryImageOfPage\":{\"@id\":\"https:\\\/\\\/atrae.net\\\/en\\\/teslapowerwall\\\/#primaryimage\"},\"image\":{\"@id\":\"https:\\\/\\\/atrae.net\\\/en\\\/teslapowerwall\\\/#primaryimage\"},\"thumbnailUrl\":\"https:\\\/\\\/atrae.net\\\/wp-content\\\/uploads\\\/2023\\\/11\\\/PW-Hero-Desktop-EMEA.jpg\",\"datePublished\":\"2023-11-20T15:20:19+00:00\",\"breadcrumb\":{\"@id\":\"https:\\\/\\\/atrae.net\\\/en\\\/teslapowerwall\\\/#breadcrumb\"},\"inLanguage\":\"en-US\",\"potentialAction\":[{\"@type\":\"ReadAction\",\"target\":[\"https:\\\/\\\/atrae.net\\\/en\\\/teslapowerwall\\\/\"]}]},{\"@type\":\"ImageObject\",\"inLanguage\":\"en-US\",\"@id\":\"https:\\\/\\\/atrae.net\\\/en\\\/teslapowerwall\\\/#primaryimage\",\"url\":\"https:\\\/\\\/atrae.net\\\/wp-content\\\/uploads\\\/2023\\\/11\\\/PW-Hero-Desktop-EMEA.jpg\",\"contentUrl\":\"https:\\\/\\\/atrae.net\\\/wp-content\\\/uploads\\\/2023\\\/11\\\/PW-Hero-Desktop-EMEA.jpg\",\"width\":2000,\"height\":1250},{\"@type\":\"BreadcrumbList\",\"@id\":\"https:\\\/\\\/atrae.net\\\/en\\\/teslapowerwall\\\/#breadcrumb\",\"itemListElement\":[{\"@type\":\"ListItem\",\"position\":1,\"name\":\"Portada\",\"item\":\"https:\\\/\\\/atrae.net\\\/en\\\/\"},{\"@type\":\"ListItem\",\"position\":2,\"name\":\"Instalador certificado TESLA POWERWALL\"}]},{\"@type\":\"WebSite\",\"@id\":\"https:\\\/\\\/atrae.net\\\/en\\\/#website\",\"url\":\"https:\\\/\\\/atrae.net\\\/en\\\/\",\"name\":\"ATRAE\",\"description\":\"Foro de Energ\u00eda\",\"potentialAction\":[{\"@type\":\"SearchAction\",\"target\":{\"@type\":\"EntryPoint\",\"urlTemplate\":\"https:\\\/\\\/atrae.net\\\/en\\\/?s={search_term_string}\"},\"query-input\":{\"@type\":\"PropertyValueSpecification\",\"valueRequired\":true,\"valueName\":\"search_term_string\"}}],\"inLanguage\":\"en-US\"}]}<\/script>\n<!-- \/ Yoast SEO plugin. -->","yoast_head_json":{"title":"Instalador certificado TESLA POWERWALL - ATRAE","robots":{"index":"index","follow":"follow","max-snippet":"max-snippet:-1","max-image-preview":"max-image-preview:large","max-video-preview":"max-video-preview:-1"},"canonical":"https:\/\/atrae.net\/en\/teslapowerwall\/","og_locale":"en_US","og_type":"article","og_title":"Instalador certificado TESLA POWERWALL - ATRAE","og_url":"https:\/\/atrae.net\/en\/teslapowerwall\/","og_site_name":"ATRAE","og_image":[{"width":2000,"height":1250,"url":"https:\/\/atrae.net\/wp-content\/uploads\/2023\/11\/PW-Hero-Desktop-EMEA.jpg","type":"image\/jpeg"}],"twitter_card":"summary_large_image","twitter_misc":{"Est. reading time":"7 minutes"},"schema":{"@context":"https:\/\/schema.org","@graph":[{"@type":"WebPage","@id":"https:\/\/atrae.net\/en\/teslapowerwall\/","url":"https:\/\/atrae.net\/en\/teslapowerwall\/","name":"Instalador certificado TESLA POWERWALL - ATRAE","isPartOf":{"@id":"https:\/\/atrae.net\/en\/#website"},"primaryImageOfPage":{"@id":"https:\/\/atrae.net\/en\/teslapowerwall\/#primaryimage"},"image":{"@id":"https:\/\/atrae.net\/en\/teslapowerwall\/#primaryimage"},"thumbnailUrl":"https:\/\/atrae.net\/wp-content\/uploads\/2023\/11\/PW-Hero-Desktop-EMEA.jpg","datePublished":"2023-11-20T15:20:19+00:00","breadcrumb":{"@id":"https:\/\/atrae.net\/en\/teslapowerwall\/#breadcrumb"},"inLanguage":"en-US","potentialAction":[{"@type":"ReadAction","target":["https:\/\/atrae.net\/en\/teslapowerwall\/"]}]},{"@type":"ImageObject","inLanguage":"en-US","@id":"https:\/\/atrae.net\/en\/teslapowerwall\/#primaryimage","url":"https:\/\/atrae.net\/wp-content\/uploads\/2023\/11\/PW-Hero-Desktop-EMEA.jpg","contentUrl":"https:\/\/atrae.net\/wp-content\/uploads\/2023\/11\/PW-Hero-Desktop-EMEA.jpg","width":2000,"height":1250},{"@type":"BreadcrumbList","@id":"https:\/\/atrae.net\/en\/teslapowerwall\/#breadcrumb","itemListElement":[{"@type":"ListItem","position":1,"name":"Portada","item":"https:\/\/atrae.net\/en\/"},{"@type":"ListItem","position":2,"name":"Instalador certificado TESLA POWERWALL"}]},{"@type":"WebSite","@id":"https:\/\/atrae.net\/en\/#website","url":"https:\/\/atrae.net\/en\/","name":"ATRAE","description":"Foro de Energ\u00eda","potentialAction":[{"@type":"SearchAction","target":{"@type":"EntryPoint","urlTemplate":"https:\/\/atrae.net\/en\/?s={search_term_string}"},"query-input":{"@type":"PropertyValueSpecification","valueRequired":true,"valueName":"search_term_string"}}],"inLanguage":"en-US"}]}},"_links":{"self":[{"href":"https:\/\/atrae.net\/en\/wp-json\/wp\/v2\/pages\/3263","targetHints":{"allow":["GET"]}}],"collection":[{"href":"https:\/\/atrae.net\/en\/wp-json\/wp\/v2\/pages"}],"about":[{"href":"https:\/\/atrae.net\/en\/wp-json\/wp\/v2\/types\/page"}],"author":[{"embeddable":true,"href":"https:\/\/atrae.net\/en\/wp-json\/wp\/v2\/users\/103"}],"replies":[{"embeddable":true,"href":"https:\/\/atrae.net\/en\/wp-json\/wp\/v2\/comments?post=3263"}],"version-history":[{"count":1,"href":"https:\/\/atrae.net\/en\/wp-json\/wp\/v2\/pages\/3263\/revisions"}],"predecessor-version":[{"id":3298,"href":"https:\/\/atrae.net\/en\/wp-json\/wp\/v2\/pages\/3263\/revisions\/3298"}],"wp:featuredmedia":[{"embeddable":true,"href":"https:\/\/atrae.net\/en\/wp-json\/wp\/v2\/media\/3209"}],"wp:attachment":[{"href":"https:\/\/atrae.net\/en\/wp-json\/wp\/v2\/media?parent=3263"}],"curies":[{"name":"wp","href":"https:\/\/api.w.org\/{rel}","templated":true}]}}